{"id":4591,"date":"2020-07-06T13:18:14","date_gmt":"2020-07-06T13:18:14","guid":{"rendered":"https:\/\/3n.berlin\/?page_id=4591"},"modified":"2022-04-13T11:38:25","modified_gmt":"2022-04-13T09:38:25","slug":"privacy-policy","status":"publish","type":"page","link":"https:\/\/3n.berlin\/en\/privacy-policy\/","title":{"rendered":"Privacy Policy"},"content":{"rendered":"<section class=\"wpb-content-wrapper\"><p>[vc_row][vc_column offset=&#8221;vc_hidden-sm&#8221;][vc_empty_space height=&#8221;100px&#8221;][\/vc_column][\/vc_row][vc_column css_animation=&#8221;fadeIn&#8221;]<div class=\"edgtf-elements-holder   edgtf-one-column  edgtf-responsive-mode-768 \" ><div class=\"edgtf-eh-item     \"  data-item-class=\"edgtf-eh-custom-1135\" data-1025-1366=\"0 30% 66px 10%\" data-769-1024=\"60px 60px 60px\" data-681-768=\"60px 60px 60px\" data-680=\"60px 5% 66px 5%\">\n\t<div class=\"edgtf-eh-item-inner\">\n\t\t<div class=\"edgtf-eh-item-content edgtf-eh-custom-1135\" style=\"padding: 0 30% 66px 10%\">\n\t\t\t[vc_column_text]<\/p>\n<h4>1. Name und Kontaktdaten des f\u00fcr die Verarbeitung Verantwortlichen sowie des betrieblichen Datenschutzbeauftragten<\/h4>\n<h4>Verantwortlicher f\u00fcr die Datenverarbeitung im Sinne des Art. 4 Nr. 7 DSGVO ist:<\/h4>\n<h4>3n.berlin GbR<br \/>\nRechtsanw\u00e4lte und Notare<br \/>\nSitz: Berlin<br \/>\nGendarmenmarkt<br \/>\nMarkgrafenstra\u00dfe 36<br \/>\n10117 Berlin<\/h4>\n<h4>+49 30 43 97 018-0<br \/>\n<a href=\"mailto:info@3n.berlin\">info@3n.berlin<\/a><br \/>\n<a href=\"https:\/\/www.3n.berlin\/\">www.3n.berlin<\/a><\/h4>\n<h4>Sie erreichen unseren betrieblichen Datenschutzbeauftragten unter:<\/h4>\n<h4>3n.berlin GbR<br \/>\n\u2013 Datenschutzbeauftragter \u2013<br \/>\nGendarmenmarkt<br \/>\nMarkgrafenstra\u00dfe 36<br \/>\n10117 Berlin<\/h4>\n<h4>+49 30 43 97 018-11<br \/>\n<a href=\"mailto:datenschutz@3n.berlin\">datenschutz@3n.berlin<\/a><\/h4>\n<h4>2. Erhebung und Speicherung personenbezogener Daten sowie Art und Zweck von deren Verwendung<\/h4>\n<h4>Beim Besuch der Website<br \/>\nBeim Aufrufen unserer Website www.3n.berlin werden durch den auf Ihrem Endger\u00e4t zum Einsatz kommenden Browser automatisch Informationen an den Server unserer Website gesendet. Diese Informationen werden tempor\u00e4r in einem sog. Logfile gespeichert. Folgende Informationen werden dabei ohne Ihr Zutun erfasst und bis zur automatisierten L\u00f6schung gespeichert:<\/h4>\n<ul>\n<li>\n<h4>IP-Adresse des anfragenden Rechners bzw. Endger\u00e4tes,<\/h4>\n<\/li>\n<li>\n<h4>Datum und Uhrzeit des Zugriffs,<\/h4>\n<\/li>\n<li>\n<h4>Name und URL der abgerufenen Datei,<\/h4>\n<\/li>\n<li>\n<h4>Website, von der aus der Zugriff erfolgt (Referrer-URL),<\/h4>\n<\/li>\n<li>\n<h4>verwendeter Browser und ggf. das Betriebssystem Ihres Rechners sowie der Name Ihres Access-Providers.<\/h4>\n<\/li>\n<\/ul>\n<h4>Die genannten Daten werden durch uns zu folgenden Zwecken verarbeitet:<\/h4>\n<ul>\n<li>\n<h4>Gew\u00e4hrleistung eines reibungslosen Verbindungsaufbaus der Website,<\/h4>\n<\/li>\n<li>\n<h4>Gew\u00e4hrleistung einer komfortablen Nutzung unserer Website,<\/h4>\n<\/li>\n<li>\n<h4>Auswertung der Systemsicherheit und -stabilit\u00e4t sowie<\/h4>\n<\/li>\n<li>\n<h4>zu weiteren administrativen Zwecken.<\/h4>\n<\/li>\n<\/ul>\n<h4>Die Rechtsgrundlage f\u00fcr die Datenverarbeitung ist Art. 6Abs. 1 S. 1 lit f DSGVO. Unser berechtigtes Interesse folgt aus oben aufgelisteten Zwecken zur Datenerhebung. Die Logfiles werden nach dem Ende der jeweiligen Browser-Sitzung gel\u00f6scht, sp\u00e4testens nach sieben Tagen, es sei denn, ihre weitere Speicherung ist f\u00fcr die oben genannten Zwecke erforderlich.<\/h4>\n<h4>Dar\u00fcber hinaus setzen wir beim Besuch unserer Website Cookies sowie Analysedienste ein. N\u00e4here Erl\u00e4uterungen dazu erhalten Sie in Ziffer 5 dieser Datenschutzinformation.<\/h4>\n<h4>Bei Ihren Anfragen<br \/>\nBei Fragen jeglicher Art bieten wir Ihnen die M\u00f6glichkeit, mit uns per E-Mail, Telefon oder Telefax Kontakt aufzunehmen.<br \/>\nIhre dabei \u00fcbermittelten personenbezogenen Daten verarbeiten wir auf Grundlage von Art. 6 Abs. 1 S. 1 lit. b DSGVO (Anfragen im Rahmen eines Mandatsverh\u00e4ltnisses oder sonstigen Vertrages oder zur Anbahnung eines Vertrages) bzw. Art. 6 Abs. 1 S. 1 lit f DSGVO (Anfragen au\u00dferhalb eines Vertrages und der Anbahnung eines Vertrages). Unser berechtigtes Interesse ist dabei, Ihre Anfragen zu beantworten.<\/h4>\n<h4>3. Weitergabe von Daten<\/h4>\n<h4>Eine \u00dcbermittlung Ihrer pers\u00f6nlichen Daten an Dritte zu anderen als den im Folgenden aufgef\u00fchrten Zwecken findet nicht statt.<\/h4>\n<h4>Wir geben Ihre pers\u00f6nlichen Daten nur an Dritte weiter, wenn:<\/h4>\n<ul>\n<li>\n<h4>Sie Ihre nach Art. 6 Abs. 1 S. 1 lit. a DSGVO ausdr\u00fcckliche Einwilligung dazu erteilt haben,<\/h4>\n<\/li>\n<li>\n<h4>die Weitergabe nach Art. 6 Abs. 1 S. 1 lit. f DSGVO zur Geltendmachung, Aus\u00fcbung oder Verteidigung von Rechtsanspr\u00fcchen erforderlich ist und kein Grund zur Annahme besteht, dass Sie ein \u00fcberwiegendes schutzw\u00fcrdiges Interesse an der Nichtweitergabe Ihrer Daten haben,<\/h4>\n<\/li>\n<li>\n<h4>f\u00fcr den Fall, dass f\u00fcr die Weitergabe nach Art. 6 Abs. 1 S. 1 lit. c DSGVO eine gesetzliche Verpflichtung besteht, sowie<\/h4>\n<\/li>\n<li>\n<h4>dies gesetzlich zul\u00e4ssig und nach Art. 6 Abs. 1 S. 1 lit. b DSGVO f\u00fcr die Abwicklung von Vertragsverh\u00e4ltnissen mit Ihnen erforderlich ist.<\/h4>\n<\/li>\n<\/ul>\n<h4>4. Speicherdauer von Daten<\/h4>\n<h4>Soweit erforderlich, verarbeiten und speichern wir Ihre personenbezogenen Daten f\u00fcr die Dauer unserer Gesch\u00e4ftsbeziehung, was beispielsweise auch die Anbahnung und die Abwicklung eines Mandatsverh\u00e4ltnisses oder sonstigen Vertrages umfasst. Dabei ist zu beachten, dass unsere Gesch\u00e4ftsbeziehung in der Regel ein Dauerschuldverh\u00e4ltnis ist, welches auf Jahre angelegt ist.<\/h4>\n<h4>Dar\u00fcber hinaus unterliegen wir verschiedenen Aufbewahrungs- und Dokumentationspflichten, die sich unter anderem aus dem Handelsgesetzbuch (HGB) und der Abgabenordnung (AO) ergeben. Die dort vorgegebenen Fristen zur Aufbewahrung bzw. Dokumentation betragen 6 Jahre f\u00fcr Korrespondenz im Zusammenhang mit einem Vertragsschluss und 10 Jahre f\u00fcr Buchungsbelege (\u00a7\u00a7 238, 257 Abs. 1 und 4 HGB, \u00a7 147 Abs. 1 und 3 AO).<\/h4>\n<h4>Schlie\u00dflich beurteilt sich die Speicherdauer auch nach den gesetzlichen Verj\u00e4hrungsfristen, die zum Beispiel nach den \u00a7\u00a7 195 ff. des B\u00fcrgerlichen Gesetzbuches (BGB) in der Regel drei Jahre, in gewissen F\u00e4llen aber auch bis zu drei\u00dfig Jahre betragen k\u00f6nnen.<\/h4>\n<h4>Nach Ablauf der Aufbewahrungs- und Dokumentationspflichten sowie der ma\u00dfgeblichen Verj\u00e4hrungsfristen l\u00f6schen wir die Daten.<\/h4>\n<h4>Logfiles und Cookies werden innerhalb der in Ziffern 1 und 5 genannten Fristen gel\u00f6scht.<\/h4>\n<h4>5. Cookies, Tracking-Ma\u00dfnahmen und Analyse-Tools (Google Analytics)<\/h4>\n<h4>Cookies<br \/>\nWir setzen auf unserer Seite Cookies ein. In dem Cookie werden Informationen abgelegt, die sich jeweils im Zusammenhang mit dem spezifisch eingesetzten Endger\u00e4t ergeben. Dies bedeutet jedoch nicht, dass wir dadurch unmittelbar Kenntnis von Ihrer Identit\u00e4t erhalten.<\/h4>\n<h4>Der Einsatz von Cookies dient einerseits dazu, die Nutzung unseres Angebots f\u00fcr Sie angenehmer zu gestalten. So setzen wir sogenannte Session-Cookies ein, um zu erkennen, dass Sie einzelne Seiten unserer Website bereits besucht haben. Diese werden nach Verlassen unserer Seite automatisch gel\u00f6scht.<\/h4>\n<h4>Dar\u00fcber hinaus setzen wir ebenfalls zur Optimierung der Benutzerfreundlichkeit tempor\u00e4re Cookies ein, die f\u00fcr einen bestimmten festgelegten Zeitraum auf Ihrem Endger\u00e4t gespeichert werden.<\/h4>\n<h4>Die durch Cookies verarbeiteten Daten sind f\u00fcr die genannten Zwecke zur Wahrung unserer berechtigten Interessen sowie der Dritter nach Art. 6 Abs. 1 S. 1 lit. f DSGVO erforderlich.<\/h4>\n<h4>Wenn Sie auf unserer Website eingewilligt haben, setzen wir zudem Cookies ein, um die Nutzung unserer Website statistisch zu erfassen und zum Zwecke der Optimierung unseres Angebotes f\u00fcr Sie auszuwerten (hierzu sogleich). Diese Cookies erm\u00f6glichen es uns, bei einem erneuten Besuch unserer Seite automatisch zu erkennen, dass Sie bereits bei uns waren. Diese Cookies werden nach einer jeweils definierten Zeit (14 Monate) automatisch gel\u00f6scht.<\/h4>\n<h4>Tracking Ma\u00dfnahmen und Analyse Tools<br \/>\nDie im Folgenden aufgef\u00fchrten und von uns eingesetzten Tracking-Ma\u00dfnahmen werden auf Grundlage des Art. 6 Abs. 1 S. 1 lit. f DSGVO durchgef\u00fchrt. Mit den zum Einsatz kommenden Tracking-Ma\u00dfnahmen wollen wir eine bedarfsgerechte Gestaltung und die fortlaufende Optimierung unserer Webseite sicherstellen. Zum anderen setzen wir die Tracking-Ma\u00dfnahmen ein, um die Nutzung unserer Webseite statistisch zu erfassen und zum Zwecke der Optimierung unseres Angebotes f\u00fcr Sie auszuwerten. Diese Interessen sind als berechtigt im Sinne der vorgenannten Vorschrift anzusehen. Die jeweiligen Datenverarbeitungszwecke und Datenkategorien sind aus den entsprechenden Tracking-Tools zu entnehmen.<\/h4>\n<h4>Google Analytics<br \/>\nZum Zwecke der bedarfsgerechten Gestaltung und fortlaufenden Optimierung unserer Seiten nutzen wir Google Analytics, ein Webanalysedienst der Google Inc. (<a href=\"https:\/\/www.google.de\/intl\/de\/about\/\" target=\"_blank\" rel=\"noopener noreferrer\">https:\/\/www.google.de\/intl\/de\/about\/<\/a>) (1600 Amphitheatre Parkway, Mountain View, CA 94043, USA; im Folgenden \u201eGoogle&#8221;). In diesem Zusammenhang werden pseudonymisierte Nutzungsprofile erstellt und Cookies verwendet. Die durch den Cookie erzeugten Informationen \u00fcber Ihre Benutzung dieser Website wie:<\/h4>\n<ul>\n<li>\n<h4>Browser-Typ\/-Version,<\/h4>\n<\/li>\n<li>\n<h4>verwendetes Betriebssystem,<\/h4>\n<\/li>\n<li>\n<h4>Referrer-URL (die zuvor besuchte Seite),<\/h4>\n<\/li>\n<li>\n<h4>Hostname des zugreifenden Rechners (IP-Adresse),<\/h4>\n<\/li>\n<li>\n<h4>Uhrzeit der Serveranfrage,<\/h4>\n<\/li>\n<\/ul>\n<h4>werden an einen Server von Google in den USA \u00fcbertragen und dort gespeichert. Die Informationen werden verwendet, um die Nutzung der Website auszuwerten, um Reports \u00fcber die Websiteaktivit\u00e4ten zusammenzustellen und um weitere mit der Websitenutzung und der Internetnutzung verbundene Dienstleistungen zu Zwecken der Marktforschung und bedarfsgerechten Gestaltung dieser Internetseiten zu erbringen. Auch werden diese Informationen gegebenenfalls an Dritte \u00fcbertragen, sofern dies gesetzlich vorgeschrieben ist oder soweit Dritte diese Daten im Auftrag verarbeiten. Es wird in keinem Fall Ihre IP-Adresse mit anderen Daten von Google zusammengef\u00fchrt. Die IP-Adressen werden anonymisiert, so dass eine Zuordnung nicht m\u00f6glich ist (IP-Masking).<\/h4>\n<h4>Sie k\u00f6nnen die Installation der Cookies durch eine entsprechende Einstellung der Browser-Software verhindern; wir weisen jedoch darauf hin, dass in diesem Fall gegebenenfalls nicht s\u00e4mtliche Funktionen dieser Website vollumf\u00e4nglich genutzt werden k\u00f6nnen.<\/h4>\n<h4>Sie k\u00f6nnen dar\u00fcber hinaus die Erfassung der durch das Cookie erzeugten und auf Ihre Nutzung der Website bezogenen Daten (inkl. Ihrer IP-Adresse) sowie die Verarbeitung dieser Daten durch Google verhindern, indem Sie ein Browser-Add-on herunterladen und installieren (<a href=\"https:\/\/ tools.google.com\/dlpage\/gaoptout?hl=de\" target=\"_blank\" rel=\"noopener noreferrer\">https:\/\/ tools.google.com\/dlpage\/gaoptout?hl=de<\/a>).<\/h4>\n<h4>Alternativ zum Browser-Add-on, insbesondere bei Browsern auf mobilen Endger\u00e4ten, k\u00f6nnen Sie die Erfassung durch Google Analytics zudem verhindern, indem Sie auf diesen Link (<a href=\"http:\/\/www.google.de\/settings\/ads\" target=\"_blank\" rel=\"noopener noreferrer\">http:\/\/www.google.de\/settings\/ads<\/a>) klicken. Es wird ein Opt-out-Cookie gesetzt, das die zuk\u00fcnftige Erfassung Ihrer Daten beim Besuch dieser Website verhindert. Der Opt-out-Cookie gilt nur in diesem Browser und nur f\u00fcr unsere Website und wird auf Ihrem Ger\u00e4t abgelegt. L\u00f6schen Sie die Cookies in diesem Browser, m\u00fcssen Sie das Opt-out-Cookie erneut setzen.<\/h4>\n<h4>Weitere Informationen zum Datenschutz im Zusammenhang mit Google Analytics finden Sie etwa in der Google-Analytics-Hilfe (<a href=\"https:\/\/support.google.com\/analytics\/answer\/6004245?hl=de\" target=\"_blank\" rel=\"noopener noreferrer\">https:\/\/support.google.com\/analytics\/answer\/6004245?hl=de<\/a>).<br \/>\nDie \u00dcbermittlung Ihrer Informationen an ein Drittland au\u00dferhalb der EU ist durch einen Angemessenheitsbeschluss der Kommission (C\/2016\/4176 vom 12. Juli 2016) im Sinne des Art. 45 DSGVO gedeckt, denn Google hat sich verpflichtet, die Grunds\u00e4tze des EU-US-Privacy Shield einzuhalten. Google wird dabei als Auftragsverarbeiter im Sinne des Art. 28 DSGVO f\u00fcr uns t\u00e4tig.<\/h4>\n<h4>7. Social-Media-Plugins<\/h4>\n<h4>Wir setzen auf unserer Website Social-Media-Plugins der folgenden Anbieter ein:<\/h4>\n<h4>LinkedIn Corporation, 2029 Stierlin Court, Mountain View, California 94043, USA (\u201cLinkedIn\u201d) und<\/h4>\n<h4>Wir nutzen dabei die sog. Shariff-L\u00f6sung. Das hei\u00dft, wenn Sie unsere Website besuchen, werden zun\u00e4chst grunds\u00e4tzlich keine personenbezogenen Daten an die Anbieter der Plugins weitergegeben. Den Anbieter des Plugins erkennen Sie an der Bezeichnung des jeweiligen Plugins und dem Logo. Wir er\u00f6ffnen Ihnen die M\u00f6glichkeit, \u00fcber den Button direkt mit dem Anbieter des Plugins zu kommunizieren. Nur wenn Sie auf den Button klicken und ihn dadurch aktivieren, erh\u00e4lt der Plugin-Anbieter die Information, dass Sie die entsprechende Website unseres Online-Angebots aufgerufen haben. Durch die Aktivierung des Plugins werden also personenbezogene Daten von Ihnen an den jeweiligen Plugin-Anbieter \u00fcbermittelt und dort (bei US-amerikanischen Anbietern in den USA) gespeichert. Die \u00dcbermittlung Ihrer Informationen an ein Drittland au\u00dferhalb der EU ist durch einen Angemessenheitsbeschluss der Kommission (C\/2016\/4176 vom 12. Juli 2016) im Sinne des Art. 45 DSGVO gedeckt, denn LinkedIn hat sich dem EU-US-Privacy-Shield unterworfen. Da der Plugin-Anbieter die Datenerhebung insbesondere \u00fcber Cookies vornimmt, empfehlen wir Ihnen, vor dem Klick auf den Button \u00fcber die Sicherheitseinstellungen Ihres Browsers alle Cookies zu l\u00f6schen.<\/h4>\n<h4>Wir haben weder Einfluss auf die erhobenen Daten und Datenverarbeitungsvorg\u00e4nge, noch sind uns der volle Umfang der Datenerhebung, die Zwecke der Verarbeitung, die Speicherfristen bekannt. Auch zur L\u00f6schung der erhobenen Daten durch den Plugin-Anbieter liegen uns keine Informationen vor.<\/h4>\n<h4>Der Plugin-Anbieter speichert die \u00fcber Sie erhobenen Daten als Nutzungsprofile und nutzt diese f\u00fcr Zwecke der Werbung, Marktforschung und\/oder bedarfsgerechten Gestaltung seiner Website. Eine solche Auswertung erfolgt insbesondere (auch f\u00fcr nicht eingeloggte Nutzer) zur Darstellung von bedarfsgerechter Werbung und um andere Nutzer des sozialen Netzwerks \u00fcber Ihre Aktivit\u00e4ten auf unserer Website zu informieren. Ihnen steht ein Widerspruchsrecht gegen die Bildung dieser Nutzerprofile zu, wobei Sie sich zur Aus\u00fcbung dessen an den jeweiligen Plugin-Anbieter wenden m\u00fcssen. \u00dcber die Plugins bietet wir Ihnen die M\u00f6glichkeit, mit den sozialen Netzwerken und anderen Nutzern zu interagieren, so dass wir unser Angebot verbessern und f\u00fcr Sie als Nutzer interessanter ausgestalten k\u00f6nnen.<\/h4>\n<h4>Rechtsgrundlage f\u00fcr die Nutzung der Plugins ist Art. 6 Abs. 1 S. 1 lit. f DSGVO. Die Plugins dienen dazu, unsere Kanzlei \u00fcber ausgew\u00e4hlte Social-Media-Kan\u00e4le bekannter zu machen. Dieser werbliche Zweck ist unser berechtigtes Interesse an der Datenverarbeitung, die Sie zudem selbst durch eine bewusste Handlung (Klick auf den Button) ausl\u00f6sen.<\/h4>\n<h4>Die Datenweitergabe erfolgt unabh\u00e4ngig davon, ob Sie ein Konto bei dem Plugin-Anbieter besitzen und dort eingeloggt sind. Wenn Sie bei dem Plugin-Anbieter eingeloggt sind, werden Ihre bei uns erhobenen Daten direkt Ihrem beim Plugin-Anbieter bestehenden Konto zugeordnet. Wenn Sie den aktivierten Button bet\u00e4tigen und z. B. die Seite verlinken, speichert der Plugin-Anbieter auch diese Information in Ihrem Nutzerkonto und teilt sie Ihren Kontakten \u00f6ffentlich mit. Wir empfehlen Ihnen, sich nach Nutzung eines sozialen Netzwerks regelm\u00e4\u00dfig auszuloggen, insbesondere jedoch vor Aktivierung des Buttons, da Sie so eine Zuordnung zu Ihrem Profil bei dem Plugin-Anbieter vermeiden k\u00f6nnen.<\/h4>\n<h4>Weitere Informationen zu Zweck und Umfang der Datenerhebung und ihrer Verarbeitung durch den Plugin-Anbieter erhalten Sie in den im Folgenden mitgeteilten Datenschutzerkl\u00e4rungen dieser Anbieter. Dort erhalten Sie auch weitere Informationen zu Ihren diesbez\u00fcglichen Rechten und Einstellungsm\u00f6glichkeiten zum Schutze Ihrer Privatsph\u00e4re.<\/h4>\n<h4>LinkedIn : <a href=\"https:\/\/www.linkedin.com\/legal\/privacy-policy\" target=\"_blank\" rel=\"noopener noreferrer\">https:\/\/www.linkedin.com\/legal\/privacy-policy<\/a><\/h4>\n<h4>8. Google Maps<\/h4>\n<h4>Diese Website benutzt Google Maps. Durch Herunterscrollen und die Nutzung der auf dieser Website eingebetteten Funktionen von Google Maps erkl\u00e4ren Sie sich mit der Erfassung, Bearbeitung sowie der Nutzung der automatisch erhobenen sowie der von Ihnen eingegeben Daten durch Google, einen seiner Vertreter oder Drittanbieter gem\u00e4\u00df den Nutzungsbedingungen f\u00fcr Google Maps und den Datenschutzbestimmungen von Google einverstanden. Die Datenverarbeitung durch Google beruht auf Art. 6 Abs. 1 S. 1 lit. a DSGVO.<\/h4>\n<h4>Wir erheben und speichern keinerlei Daten im Zusammenhang mit Ihrer Nutzung der auf unserer Website eingebetteten Funktionen von Google Maps.<\/h4>\n<h4>9. Betroffenenrechte<\/h4>\n<h4>Sie haben das Recht:<\/h4>\n<ul>\n<li>\n<h4>gem\u00e4\u00df Art. 15 DSGVO Auskunft \u00fcber Ihre von uns verarbeiteten personenbezogenen Daten zu verlangen. Insbesondere k\u00f6nnen Sie Auskunft \u00fcber die Verarbeitungszwecke, die Kategorie der personenbezogenen Daten, die Kategorien von Empf\u00e4ngern, gegen\u00fcber denen Ihre Daten offengelegt wurden oder werden, die geplante Speicherdauer, das Bestehen eines Rechts auf Berichtigung, L\u00f6schung, Einschr\u00e4nkung der Verarbeitung oder Widerspruch, das Bestehen eines Beschwerderechts, die Herkunft ihrer Daten, sofern diese nicht bei uns erhoben wurden, sowie \u00fcber das Bestehen einer automatisierten Entscheidungsfindung einschlie\u00dflich Profiling und ggf. aussagekr\u00e4ftigen Informationen zu deren Einzelheiten verlangen;<\/h4>\n<\/li>\n<li>\n<h4>gem\u00e4\u00df Art. 16 DSGVO unverz\u00fcglich die Berichtigung unrichtiger oder Vervollst\u00e4ndigung Ihrer bei uns gespeicherten personenbezogenen Daten zu verlangen;<\/h4>\n<\/li>\n<li>\n<h4>gem\u00e4\u00df Art. 17 DSGVO die L\u00f6schung Ihrer bei uns gespeicherten personenbezogenen Daten zu verlangen, soweit nicht die Verarbeitung zur Aus\u00fcbung des Rechts auf freie Meinungs\u00e4u\u00dferung und Information, zur Erf\u00fcllung einer rechtlichen Verpflichtung, aus Gr\u00fcnden des \u00f6ffentlichen Interesses oder zur Geltendmachung, Aus\u00fcbung oder Verteidigung von Rechtsanspr\u00fcchen erforderlich ist;<\/h4>\n<\/li>\n<li>\n<h4>gem\u00e4\u00df Art. 18 DSGVO die Einschr\u00e4nkung der Verarbeitung Ihrer personenbezogenen Daten zu verlangen, soweit die Richtigkeit der Daten von Ihnen bestritten wird, die Verarbeitung unrechtm\u00e4\u00dfig ist, Sie aber deren L\u00f6schung ablehnen und wir die Daten nicht mehr ben\u00f6tigen, Sie jedoch diese zur Geltendmachung, Aus\u00fcbung oder Verteidigung von Rechtsanspr\u00fcchen ben\u00f6tigen oder Sie gem\u00e4\u00df Art. 21 DSGVO Widerspruch gegen die Verarbeitung eingelegt haben;<\/h4>\n<\/li>\n<li>\n<h4>gem\u00e4\u00df Art. 20 DSGVO Ihre personenbezogenen Daten, die Sie uns bereitgestellt haben, in einem strukturierten, g\u00e4ngigen und maschinenlesebaren Format zu erhalten oder die \u00dcbermittlung an einen anderen Verantwortlichen zu verlangen;<\/h4>\n<\/li>\n<li>\n<h4>gem\u00e4\u00df Art. 7 Abs. 3 DSGVO Ihre einmal erteilte Einwilligung jederzeit gegen\u00fcber uns zu widerrufen. Dies hat zur Folge, dass wir die Datenverarbeitung, die auf dieser Einwilligung beruhte, f\u00fcr die Zukunft nicht mehr fortf\u00fchren d\u00fcrfen und<\/h4>\n<\/li>\n<li>\n<h4>gem\u00e4\u00df Art. 77 DSGVO sich bei einer Aufsichtsbeh\u00f6rde zu beschweren. In der Regel k\u00f6nnen Sie sich hierf\u00fcr an die Aufsichtsbeh\u00f6rde Ihres \u00fcblichen Aufenthaltsortes oder Arbeitsplatzes oder unseres Kanzleisitzes wenden.<\/h4>\n<\/li>\n<\/ul>\n<h4>10. Widerspruchsrecht<\/h4>\n<h4>Sofern Ihre personenbezogenen Daten auf Grundlage von berechtigten Interessen gem\u00e4\u00df Art. 6 Abs. 1 S. 1 lit. f DSGVO verarbeitet werden, haben Sie das Recht, gem\u00e4\u00df Art. 21 DSGVO Widerspruch gegen die Verarbeitung Ihrer personenbezogenen Daten einzulegen, soweit daf\u00fcr Gr\u00fcnde vorliegen, die sich aus Ihrer besonderen Situation ergeben oder sich der Widerspruch gegen Direktwerbung richtet. Im letzteren Fall haben Sie ein generelles Widerspruchsrecht, das ohne Angabe einer besonderen Situation von uns umgesetzt wird.<\/h4>\n<h4>M\u00f6chten Sie von Ihrem Widerrufs- oder Widerspruchsrecht Gebrauch machen, gen\u00fcgt eine E-Mail an <a href=\"mailto:datenschutz@3n.berlin\">datenschutz@3n.berlin<\/a><\/h4>\n<h4>11. Datensicherheit<\/h4>\n<h4>Wir verwenden innerhalb des Website-Besuchs das verbreitete SSL-Verfahren (Secure Socket Layer) in Verbindung mit der jeweils h\u00f6chsten Verschl\u00fcsselungsstufe, die von Ihrem Browser unterst\u00fctzt wird. In der Regel handelt es sich dabei um eine 256-Bit Verschl\u00fcsselung. Falls Ihr Browser keine 256-Bit Verschl\u00fcsselung unterst\u00fctzt, greifen wir stattdessen auf 128-Bit v3 Technologie zur\u00fcck. Ob eine einzelne Seite unseres Internetauftrittes verschl\u00fcsselt \u00fcbertragen wird, erkennen Sie an der geschlossenen Darstellung des Sch\u00fcssel- beziehungsweise Schloss-Symbols in der unteren Statusleiste Ihres Browsers.<\/h4>\n<h4>Wir bedienen uns im \u00dcbrigen geeigneter technischer und organisatorischer Sicherheitsma\u00dfnahmen, um Ihre Daten gegen zuf\u00e4llige oder vors\u00e4tzliche Manipulationen, teilweisen oder vollst\u00e4ndigen Verlust, Zerst\u00f6rung oder gegen den unbefugten Zugriff Dritter zu sch\u00fctzen. Unsere Sicherheitsma\u00dfnahmen werden entsprechend der technologischen Entwicklung fortlaufend verbessert.<\/h4>\n<h4>12. Aktualit\u00e4t und \u00c4nderung dieser Datenschutzerkl\u00e4rung<\/h4>\n<h4>Diese Datenschutzerkl\u00e4rung ist aktuell g\u00fcltig und hat den Stand Juli 2020.<br \/>\nDurch die Weiterentwicklung unserer Website und Angebote dar\u00fcber oder aufgrund ge\u00e4nderter gesetzlicher beziehungsweise beh\u00f6rdlicher Vorgaben kann es notwendig werden, diese Datenschutzerkl\u00e4rung zu \u00e4ndern.<\/h4>\n<p>[\/vc_column_text]\t\t<\/div>\n\t<\/div>\n<\/div><\/div>[\/vc_column]<\/p>\n<\/section>","protected":false},"excerpt":{"rendered":"<p>[vc_row][vc_column offset=&#8221;vc_hidden-sm&#8221;][vc_empty_space height=&#8221;100px&#8221;][\/vc_column][\/vc_row][vc_column css_animation=&#8221;fadeIn&#8221;][\/vc_column]<\/p>\n","protected":false},"author":1,"featured_media":0,"parent":0,"menu_order":0,"comment_status":"closed","ping_status":"closed","template":"full-width.php","meta":{"inline_featured_image":false},"_links":{"self":[{"href":"https:\/\/3n.berlin\/en\/wp-json\/wp\/v2\/pages\/4591"}],"collection":[{"href":"https:\/\/3n.berlin\/en\/wp-json\/wp\/v2\/pages"}],"about":[{"href":"https:\/\/3n.berlin\/en\/wp-json\/wp\/v2\/types\/page"}],"author":[{"embeddable":true,"href":"https:\/\/3n.berlin\/en\/wp-json\/wp\/v2\/users\/1"}],"replies":[{"embeddable":true,"href":"https:\/\/3n.berlin\/en\/wp-json\/wp\/v2\/comments?post=4591"}],"version-history":[{"count":6,"href":"https:\/\/3n.berlin\/en\/wp-json\/wp\/v2\/pages\/4591\/revisions"}],"predecessor-version":[{"id":4741,"href":"https:\/\/3n.berlin\/en\/wp-json\/wp\/v2\/pages\/4591\/revisions\/4741"}],"wp:attachment":[{"href":"https:\/\/3n.berlin\/en\/wp-json\/wp\/v2\/media?parent=4591"}],"curies":[{"name":"wp","href":"https:\/\/api.w.org\/{rel}","templated":true}]}}