{"id":4575,"date":"2020-07-06T13:09:13","date_gmt":"2020-07-06T13:09:13","guid":{"rendered":"https:\/\/3n.berlin\/?page_id=4575"},"modified":"2022-04-13T11:37:57","modified_gmt":"2022-04-13T09:37:57","slug":"imprint","status":"publish","type":"page","link":"https:\/\/3n.berlin\/en\/imprint\/","title":{"rendered":"Imprint"},"content":{"rendered":"<section class=\"wpb-content-wrapper\"><p>[vc_row][vc_column offset=&#8221;vc_hidden-sm&#8221;][vc_empty_space height=&#8221;100px&#8221;][\/vc_column][\/vc_row][vc_column css_animation=&#8221;fadeIn&#8221;]<div class=\"edgtf-elements-holder   edgtf-one-column  edgtf-responsive-mode-768 \" ><div class=\"edgtf-eh-item     \"  data-item-class=\"edgtf-eh-custom-1883\" data-1025-1366=\"0 30% 66px 10%\" data-769-1024=\"60px 60px 60px\" data-681-768=\"60px 60px 60px\" data-680=\"60px 5% 66px 5%\">\n\t<div class=\"edgtf-eh-item-inner\">\n\t\t<div class=\"edgtf-eh-item-content edgtf-eh-custom-1883\" style=\"padding: 0 30% 66px 10%\">\n\t\t\t[vc_column_text]<\/p>\n<h4>3n.berlin GbR<br \/>\nRechtsanw\u00e4lte und Notare<br \/>\nSitz: Berlin<br \/>\nGendarmenmarkt<br \/>\nMarkgrafenstra\u00dfe 36<br \/>\n10117 Berlin<\/h4>\n<h4>+49 30 43 97 018-0<br \/>\n<a href=\"mailto:info@3n.berlin\">info@3n.berlin<\/a><br \/>\nwww.3n.berlin<\/h4>\n<h4>Umsatzsteueridentifikationsnummer:<br \/>\nDE329840153<\/h4>\n<h4>(nachfolgend auch \u201e3n.berlin\u201c)<\/h4>\n<h4>Verantwortlicher Diensteanbieter i.S.v. \u00a7 5 TMG f\u00fcr \u201ewww.3n.berlin\u201c ist die 3n.berlin GbR.<\/h4>\n<h4>Vertretungsberechtigung<br \/>\n3n.berlin wird gemeinschaftlich vertreten durch Carlos Katins und Konstantin v. Richthofen.<\/h4>\n<h4>Berufshaftpflichtversicherung<br \/>\nDie Berufshaftpflichtversicherung besteht mit Geltungsbereich f\u00fcr die Mitgliedsl\u00e4nder der Europ\u00e4ischen Union \u00fcber die Allcura Versicherungs-Aktiengesellschaft AG, Schauenburgerstra\u00dfe 27, 20095 Hamburg im Verbund mit der SIGNAL IDUNA Allgemeine Versicherung AG, Joseph-Scherer-Stra\u00dfe 3, 44139 Dortmund.<\/h4>\n<h4>Zulassung, Berufsbezeichnung, Aufsichtsbeh\u00f6rde<br \/>\nS\u00e4mtliche bei 3n.berlin t\u00e4tigen Rechtsanw\u00e4lte und Notare (Anwaltsnotare gem\u00e4\u00df \u00a7 3 Abs. 2 BNotO) sind in der Bundesrepublik Deutschland zugelassen. Alle Rechtsanw\u00e4lte geh\u00f6ren der Rechtsanwaltskammer Berlin an, alle Notare geh\u00f6ren der Notarkammer Berlin an.<\/h4>\n<h4>Die zust\u00e4ndige Aufsichtsbeh\u00f6rde f\u00fcr alle bei 3n.berlin t\u00e4tigen Rechtsanw\u00e4lte ist die Rechtsanwaltskammer Berlin, Littenstra\u00dfe 9, 10179 Berlin.<\/h4>\n<h4>Die zust\u00e4ndige Aufsichtsbeh\u00f6rde f\u00fcr alle bei 3.berlin t\u00e4tigen Notare ist Der Pr\u00e4sident\/Die Pr\u00e4sidentin des Landgerichts Berlin, Littenstra\u00dfe 12-17, 10179 Berlin sowie Der Pr\u00e4sident\/Die Pr\u00e4sidentin des Kammergerichts, El\u00dfholzstra\u00dfe 30-33, 10781 Berlin.<\/h4>\n<h4>Berufsrechtliche Regelungen<br \/>\nF\u00fcr die Rechtsanw\u00e4lte gelten die folgenden berufsrechtlichen Vorschriften \u2013 alle Texte sind \u00fcber die Internetseite der Bundesrechtsanwaltskammer abrufbar:<\/h4>\n<ul>\n<li>\n<h4>Bundesrechtsanwaltsordnung (BRAO),<\/h4>\n<\/li>\n<li>\n<h4>Berufsordnung f\u00fcr Rechtsanw\u00e4lte (BORA),<\/h4>\n<\/li>\n<li>\n<h4>Fachanwaltsordnung (FAO),<\/h4>\n<\/li>\n<li>\n<h4>Gesetz \u00fcber die Verg\u00fctung der Rechtsanw\u00e4ltinnen und Rechtsanw\u00e4lte (RVG),<\/h4>\n<\/li>\n<li>\n<h4>Berufsregeln der Rechtsanw\u00e4lte der Europ\u00e4ischen Gemeinschaft (CCBE),<\/h4>\n<\/li>\n<li>\n<h4>Gesetz \u00fcber die T\u00e4tigkeit europ\u00e4ischer Rechtsanw\u00e4lte in Deutschland (EuRAG).<\/h4>\n<\/li>\n<\/ul>\n<h4>F\u00fcr die Notare gelten die folgenden berufsrechtlichen Vorschriften \u2013 alle Texte sind \u00fcber die Internetseite der Bundesnotarkammer abrufbar:<\/h4>\n<ul>\n<li>\n<h4>Bundesnotarordnung (BNotO),<\/h4>\n<\/li>\n<li>\n<h4>Beurkundungsgesetz (BeurkG),<\/h4>\n<\/li>\n<li>\n<h4>Richtlinien der Notarkammern,<\/h4>\n<\/li>\n<li>\n<h4>Dienstordnung f\u00fcr Notarinnen und Notare (DONot),<\/h4>\n<\/li>\n<li>\n<h4>Gerichts- und Notarkostengesetz (GNotKG),<\/h4>\n<\/li>\n<li>\n<h4>Europ\u00e4ischer Kodex des notariellen Standesrechts.<\/h4>\n<\/li>\n<\/ul>\n<h4>Urheberrecht<br \/>\nDas Urheberrecht an den Inhalten dieser Website oder an Teilen davon liegt bei 3n.berlin oder bei demjenigen, dem 3n.berlin ein entsprechendes Nutzungsrecht einger\u00e4umt hat. Einzelne Seiten d\u00fcrfen zum ausschlie\u00dflichen Gebrauch innerhalb Ihres Unternehmens heruntergeladen, vor\u00fcbergehend gespeichert oder gedruckt werden.<\/h4>\n<h4>Streitbeilegung<br \/>\nOnline-Streitbeilegung und Verbraucherstreitbeilegung (Art. 14 Abs. 1 ODR-Verordnung und \u00a7 36 Verbraucherschutzgesetz).<\/h4>\n<h4>Die Europ\u00e4ische Kommission stellt eine Plattform zur Online-Streitbeilegung bereit, die Sie unter <a href=\"http:\/\/ec.europa.eu\/consumers\/odr\/\" target=\"_blank\" rel=\"noopener noreferrer\">http:\/\/ec.europa.eu\/consumers\/odr\/<\/a> finden.<\/h4>\n<h4>3n.berlin nimmt nicht an Streitbeilegungsverfahren vor einer Verbraucherschlichtungsstelle teil.<\/h4>\n<h4>Konzept und Design<br \/>\nnulleins&#x2122; brand creation<br \/>\n<a href=\"https:\/\/nulleins.de\/\" target=\"_blank\" rel=\"noopener noreferrer\">www.nulleins.de<\/a><\/h4>\n<h4>Fotografie<br \/>\nPortraits und Gruppenfoto: Paul Magura (www.paulmagura.com)<br \/>\nAnsicht Gendarmenmarkt: Stanley Ndua (www.pexels.com)<\/h4>\n<p>[\/vc_column_text]\t\t<\/div>\n\t<\/div>\n<\/div><\/div>[\/vc_column]<\/p>\n<\/section>","protected":false},"excerpt":{"rendered":"<p>[vc_row][vc_column offset=&#8221;vc_hidden-sm&#8221;][vc_empty_space height=&#8221;100px&#8221;][\/vc_column][\/vc_row][vc_column css_animation=&#8221;fadeIn&#8221;][\/vc_column]<\/p>\n","protected":false},"author":1,"featured_media":0,"parent":0,"menu_order":0,"comment_status":"closed","ping_status":"closed","template":"full-width.php","meta":{"inline_featured_image":false},"_links":{"self":[{"href":"https:\/\/3n.berlin\/en\/wp-json\/wp\/v2\/pages\/4575"}],"collection":[{"href":"https:\/\/3n.berlin\/en\/wp-json\/wp\/v2\/pages"}],"about":[{"href":"https:\/\/3n.berlin\/en\/wp-json\/wp\/v2\/types\/page"}],"author":[{"embeddable":true,"href":"https:\/\/3n.berlin\/en\/wp-json\/wp\/v2\/users\/1"}],"replies":[{"embeddable":true,"href":"https:\/\/3n.berlin\/en\/wp-json\/wp\/v2\/comments?post=4575"}],"version-history":[{"count":5,"href":"https:\/\/3n.berlin\/en\/wp-json\/wp\/v2\/pages\/4575\/revisions"}],"predecessor-version":[{"id":4740,"href":"https:\/\/3n.berlin\/en\/wp-json\/wp\/v2\/pages\/4575\/revisions\/4740"}],"wp:attachment":[{"href":"https:\/\/3n.berlin\/en\/wp-json\/wp\/v2\/media?parent=4575"}],"curies":[{"name":"wp","href":"https:\/\/api.w.org\/{rel}","templated":true}]}}